{"id":124,"date":"2017-07-25T17:55:33","date_gmt":"2017-07-25T17:55:33","guid":{"rendered":"https:\/\/reximan.com\/?page_id=124"},"modified":"2019-10-01T08:54:11","modified_gmt":"2019-10-01T06:54:11","slug":"contacto","status":"publish","type":"page","link":"https:\/\/reximan.com\/?page_id=124","title":{"rendered":"Contacto"},"content":{"rendered":"<p>[et_pb_section fb_built=\u00bb1&#8243; fullwidth=\u00bbon\u00bb _builder_version=\u00bb3.22.3&#8243;][et_pb_fullwidth_header title=\u00bbCa&#8217; Rexim\u00e1n\u00bb subhead=\u00bbPara contactar con nosotros:\u00bb content_max_width=\u00bbnone\u00bb _builder_version=\u00bb3.16&#8243; background_color=\u00bb#e02b20&#8243; button_one_text_size__hover_enabled=\u00bboff\u00bb button_two_text_size__hover_enabled=\u00bboff\u00bb button_one_text_color__hover_enabled=\u00bboff\u00bb button_two_text_color__hover_enabled=\u00bboff\u00bb button_one_border_width__hover_enabled=\u00bboff\u00bb button_two_border_width__hover_enabled=\u00bboff\u00bb button_one_border_color__hover_enabled=\u00bboff\u00bb button_two_border_color__hover_enabled=\u00bboff\u00bb button_one_border_radius__hover_enabled=\u00bboff\u00bb button_two_border_radius__hover_enabled=\u00bboff\u00bb button_one_letter_spacing__hover_enabled=\u00bboff\u00bb button_two_letter_spacing__hover_enabled=\u00bboff\u00bb button_one_bg_color__hover_enabled=\u00bboff\u00bb button_two_bg_color__hover_enabled=\u00bboff\u00bb][\/et_pb_fullwidth_header][\/et_pb_section][et_pb_section fb_built=\u00bb1&#8243; _builder_version=\u00bb3.25.2&#8243;][et_pb_row column_structure=\u00bb1_2,1_2&#8243; _builder_version=\u00bb3.25.2&#8243;][et_pb_column type=\u00bb1_2&#8243; _builder_version=\u00bb3.25.2&#8243;][et_pb_text _builder_version=\u00bb3.25.2&#8243;]<\/p>\n<p><span>DIRECCI\u00d3N POSTAL:<\/span><\/p>\n<p><strong>Ca&#8217; Rexim\u00e1n<br \/> Inguanzo, 119<br \/> 33555 Cabrales, Asturias<\/strong><\/p>\n<p>TEL\u00c9FONO:<br \/> <strong>606 51 67 53<\/strong><\/p>\n<p>[\/et_pb_text][\/et_pb_column][et_pb_column type=\u00bb1_2&#8243; _builder_version=\u00bb3.25.2&#8243;][et_pb_image _builder_version=\u00bb3.25.2&#8243; src=\u00bbhttps:\/\/reximan.com\/wp-content\/uploads\/2019\/08\/La-Casa-1-1.jpg\u00bb][\/et_pb_image][\/et_pb_column][\/et_pb_row][\/et_pb_section]<\/p>\n","protected":false},"excerpt":{"rendered":"<p>DIRECCI\u00d3N POSTAL: Ca&#8217; Rexim\u00e1n Inguanzo, 119 33555 Cabrales, Asturias TEL\u00c9FONO: 606 51 67 53<\/p>\n","protected":false},"author":2,"featured_media":0,"parent":0,"menu_order":0,"comment_status":"closed","ping_status":"closed","template":"","meta":{"_et_pb_use_builder":"on","_et_pb_old_content":"","_et_gb_content_width":"","footnotes":""},"class_list":["post-124","page","type-page","status-publish","hentry"],"_links":{"self":[{"href":"https:\/\/reximan.com\/index.php?rest_route=\/wp\/v2\/pages\/124","targetHints":{"allow":["GET"]}}],"collection":[{"href":"https:\/\/reximan.com\/index.php?rest_route=\/wp\/v2\/pages"}],"about":[{"href":"https:\/\/reximan.com\/index.php?rest_route=\/wp\/v2\/types\/page"}],"author":[{"embeddable":true,"href":"https:\/\/reximan.com\/index.php?rest_route=\/wp\/v2\/users\/2"}],"replies":[{"embeddable":true,"href":"https:\/\/reximan.com\/index.php?rest_route=%2Fwp%2Fv2%2Fcomments&post=124"}],"version-history":[{"count":10,"href":"https:\/\/reximan.com\/index.php?rest_route=\/wp\/v2\/pages\/124\/revisions"}],"predecessor-version":[{"id":298,"href":"https:\/\/reximan.com\/index.php?rest_route=\/wp\/v2\/pages\/124\/revisions\/298"}],"wp:attachment":[{"href":"https:\/\/reximan.com\/index.php?rest_route=%2Fwp%2Fv2%2Fmedia&parent=124"}],"curies":[{"name":"wp","href":"https:\/\/api.w.org\/{rel}","templated":true}]}}